{"id":124,"date":"2022-03-27T20:05:19","date_gmt":"2022-03-27T18:05:19","guid":{"rendered":"http:\/\/gtyenwc.cluster031.hosting.ovh.net\/?page_id=124"},"modified":"2022-11-07T19:56:16","modified_gmt":"2022-11-07T18:56:16","slug":"regulaminy","status":"publish","type":"page","link":"https:\/\/www.nurtemrawki.pl\/index.php\/regulaminy\/","title":{"rendered":"Regulaminy"},"content":{"rendered":"\n<h2 class=\"wp-block-heading\">Regulamin pobytu go\u015bci w Gospodarstwie Agroturystycznym Nurtem Rawki<\/h2>\n\n\n\n<ol class=\"wp-block-list\">\n<li>Jednorazowo w Gospodarstwie mo\u017cemy przyj\u0105\u0107 do 25 os\u00f3b;<\/li>\n\n\n\n<li>Termin pobytu nale\u017cy uzgodni\u0107 minimum z tygodniowym wyprzedzeniem;<\/li>\n\n\n\n<li>Samochody i inne pojazdy zostawiamy w wyznaczonym miejscu. Istnieje mo\u017cliwo\u015b\u0107 przyjazdu poci\u0105giem. Go\u015bci odbieramy ze stacji Skierniewice Rawka lub ze Skierniewic; (maksymalnie 6 os\u00f3b}<\/li>\n\n\n\n<li>Dzieci pozostaj\u0105 pod opiek\u0105 rodzic\u00f3w lub prawnych opiekun\u00f3w. W\u0142a\u015bciciele Gospodarstwa nie sprawuj\u0105 opieki nad ma\u0142oletnimi;<\/li>\n\n\n\n<li>Na terenie gospodarstwa nie spo\u017cywamy alkoholu i nie palimy tytoniu;<\/li>\n\n\n\n<li>Nie podchodzimy sami do zwierz\u0105t i nie karmimy ich bez zgody w\u0142a\u015bciciela. Fotografowanie nale\u017cy uzgodni\u0107 z w\u0142a\u015bcicielem; S\u0105 to wymogi bioasekuracji;<\/li>\n\n\n\n<li>Poruszamy si\u0119 po wyznaczonym terenie, \u015bmieci wyrzucamy do kontener\u00f3w(segregacja);<\/li>\n\n\n\n<li>Jazdy konne mo\u017cliwe po wynaj\u0119ciu konia i siod\u0142a. &nbsp; &nbsp; &nbsp; Jazdy odbywaj\u0105 si\u0119 po padoku;<\/li>\n\n\n\n<li>Jest mo\u017cliwo\u015b\u0107 wynaj\u0119cia wi\u0119kszej ilo\u015bci koni i jazdy w terenie po uprzednim uzgodnieniu;<\/li>\n\n\n\n<li>Noclegi w zaprzyja\u017anionym pensjonacie lub namiocie mo\u017cliwe po uprzednim uzgodnieniu; <\/li>\n\n\n\n<li>Ze wzgl\u0119du na obowi\u0105zuj\u0105ce obecnie przepisy sanitarne zwi\u0105zane z covid-19 na terenie gospodarstwa jednorazowo mo\u017ce przebywa\u0107 5 os\u00f3b. Nale\u017cy stosowa\u0107 maseczki, dezynfekcj\u0119 i dystans. Posi\u0142ki wydawane s\u0105 w opakowaniach jednorazowych do spo\u017cycia na zewn\u0105trz. Na terenie gospodarstwa znajduj\u0105 si\u0119 pojemniki do dezynfekcji.<\/li>\n<\/ol>\n\n\n\n<h2 class=\"wp-block-heading\">Regulamin wypo\u017cyczania kajak\u00f3w&nbsp;w Gospodarstwie Agroturystycznym Nurtem Rawki<\/h2>\n\n\n\n<ol class=\"wp-block-list\">\n<li>Gospodarstwo Agroturystyczne Nurtem Rawki po\u0142o\u017cone we wsi Budy Grabskie wypo\u017cycza swoim go\u015bciom kajaki razem z wyposa\u017ceniem zgodnie z niniejszym regulaminem i obowi\u0105zuj\u0105cym aktualnie cennikiem;<\/li>\n\n\n\n<li>Kajaki i wyposa\u017cenie s\u0105 w\u0142asno\u015bci\u0105 gospodarstwa agroturystycznego;<\/li>\n\n\n\n<li>Gospodarstwo nie organizuje sp\u0142yw\u00f3w kajakowych jedynie udost\u0119pnia sprz\u0119t;<\/li>\n\n\n\n<li>Kajaki wypo\u017cyczane s\u0105 wy\u0142\u0105cznie osobom pe\u0142noletnim. Dzieci mog\u0105 p\u0142yn\u0105\u0107 tylko pod opiek\u0105 osoby doros\u0142ej;<\/li>\n\n\n\n<li>W\u0142a\u015bciciel ma prawo odm\u00f3wi\u0107 w szczeg\u00f3lnych przypadkach wypo\u017cyczenia sprz\u0119tu (np. osobom nietrze\u017awym, pod wp\u0142ywem \u015brodk\u00f3w odurzaj\u0105cych itp.)<\/li>\n\n\n\n<li>Rezerwacja sprz\u0119tu na dany termin nast\u0119puje po wp\u0142aceniu zadatku;<\/li>\n\n\n\n<li>Op\u0142ata za wypo\u017cyczenie pobierana jest z g\u00f3ry;<\/li>\n\n\n\n<li>Wydanie sprz\u0119tu nast\u0119puje po podpisaniu umowy wypo\u017cyczenia i okazaniu dokumentu przez wypo\u017cyczaj\u0105cego. Wypo\u017cyczaj\u0105cy zobowi\u0105zany jest sprawdzi\u0107 stan kajak\u00f3w i wyposa\u017cenia i zg\u0142osi\u0107 ewentualne usterki.<\/li>\n\n\n\n<li>Za uszkodzenie lub zagubienie sprz\u0119tu odpowiada wypo\u017cyczaj\u0105cy i zobowi\u0105zany jest pokry\u0107 szkod\u0119 w wysoko\u015bci 100% aktualnej ceny rynkowej bez wzgl\u0119du na stopie\u0144 jego zu\u017cycia;<\/li>\n\n\n\n<li>Gospodarstwo Agroturystyczne Nurtem Rawki nie ponosi odpowiedzialno\u015bci za nieszcz\u0119\u015bliwe wypadki lub \u015bmier\u0107 uczestnika sp\u0142ywu oraz szkody na rzecz innych os\u00f3b ;<\/li>\n\n\n\n<li>Wypo\u017cyczaj\u0105cy zobowi\u0105zany jest do pomocy przy transporcie kajak\u00f3w (za\u0142adunek i wy\u0142adunek);<\/li>\n\n\n\n<li>Po porozumieniu si\u0119 z w\u0142a\u015bcicielem wypo\u017cyczaj\u0105cy mo\u017ce przed\u0142u\u017cy\u0107 czas wypo\u017cyczenia sprz\u0119tu. W momencie niezwr\u00f3cenia sprz\u0119tu w uzgodnionym terminie wypo\u017cyczaj\u0105cy mo\u017ce obci\u0105\u017cy\u0107 wypo\u017cyczaj\u0105cego stosowna kar\u0105 pieni\u0119\u017cn\u0105;<\/li>\n\n\n\n<li>Wypo\u017cyczaj\u0105cy dowozi lub odbiera kajaki zgodnie z ustalon\u0105 wcze\u015bniej tras\u0105;<\/li>\n\n\n\n<li>Wypo\u017cyczaj\u0105cy zobowi\u0105zany jest do przestrzegania niniejszego regulaminu a jego nieznajomo\u015b\u0107 nie zwalnia go z tego obowi\u0105zku;<\/li>\n\n\n\n<li>W sprawach nieuregulowanych w regulaminie obowi\u0105zuj\u0105 przepisy kodeksu cywilnego;<\/li>\n<\/ol>\n","protected":false},"excerpt":{"rendered":"<p>Regulamin pobytu go\u015bci w Gospodarstwie Agroturystycznym Nurtem Rawki Regulamin wypo\u017cyczania kajak\u00f3w&nbsp;w Gospodarstwie Agroturystycznym Nurtem Rawki<\/p>\n","protected":false},"author":1,"featured_media":0,"parent":0,"menu_order":0,"comment_status":"closed","ping_status":"closed","template":"","meta":{"footnotes":""},"class_list":["post-124","page","type-page","status-publish","hentry"],"_links":{"self":[{"href":"https:\/\/www.nurtemrawki.pl\/index.php\/wp-json\/wp\/v2\/pages\/124","targetHints":{"allow":["GET"]}}],"collection":[{"href":"https:\/\/www.nurtemrawki.pl\/index.php\/wp-json\/wp\/v2\/pages"}],"about":[{"href":"https:\/\/www.nurtemrawki.pl\/index.php\/wp-json\/wp\/v2\/types\/page"}],"author":[{"embeddable":true,"href":"https:\/\/www.nurtemrawki.pl\/index.php\/wp-json\/wp\/v2\/users\/1"}],"replies":[{"embeddable":true,"href":"https:\/\/www.nurtemrawki.pl\/index.php\/wp-json\/wp\/v2\/comments?post=124"}],"version-history":[{"count":5,"href":"https:\/\/www.nurtemrawki.pl\/index.php\/wp-json\/wp\/v2\/pages\/124\/revisions"}],"predecessor-version":[{"id":178,"href":"https:\/\/www.nurtemrawki.pl\/index.php\/wp-json\/wp\/v2\/pages\/124\/revisions\/178"}],"wp:attachment":[{"href":"https:\/\/www.nurtemrawki.pl\/index.php\/wp-json\/wp\/v2\/media?parent=124"}],"curies":[{"name":"wp","href":"https:\/\/api.w.org\/{rel}","templated":true}]}}