{"id":143,"date":"2022-03-27T20:31:16","date_gmt":"2022-03-27T18:31:16","guid":{"rendered":"http:\/\/gtyenwc.cluster031.hosting.ovh.net\/?page_id=143"},"modified":"2022-03-27T20:36:04","modified_gmt":"2022-03-27T18:36:04","slug":"nasz-oferta","status":"publish","type":"page","link":"https:\/\/www.nurtemrawki.pl\/index.php\/nasz-oferta\/","title":{"rendered":"Nasz oferta"},"content":{"rendered":"\n<h2 class=\"has-text-align-center wp-block-heading\">Zapraszamy do naszego unikatowego miejsca po\u0142o\u017conego na skarpie rzeki Rawki<\/h2>\n\n\n\n<p class=\"has-text-align-center\">Wynajmujemy kajaki, ugo\u015bcimy obiadem, pocz\u0119stujemy w\u0142asnym rawcza\u0144skim serem i w\u0142asnymi przetworami.<br>Otaczaj\u0105ca nas niepowtarzalna przyroda zachwyci swoim urokiem.<\/p>\n\n\n\n<figure class=\"wp-block-gallery aligncenter has-nested-images columns-default is-cropped wp-block-gallery-1 is-layout-flex wp-block-gallery-is-layout-flex\">\n<figure class=\"wp-block-image size-large\"><img loading=\"lazy\" decoding=\"async\" width=\"2560\" height=\"1714\" data-id=\"88\" src=\"http:\/\/gtyenwc.cluster031.hosting.ovh.net\/wp-content\/uploads\/2022\/03\/DSC_1889-scaled.jpg\" alt=\"\" class=\"wp-image-88\" srcset=\"https:\/\/www.nurtemrawki.pl\/wp-content\/uploads\/2022\/03\/DSC_1889-scaled.jpg 2560w, https:\/\/www.nurtemrawki.pl\/wp-content\/uploads\/2022\/03\/DSC_1889-300x201.jpg 300w, https:\/\/www.nurtemrawki.pl\/wp-content\/uploads\/2022\/03\/DSC_1889-1024x685.jpg 1024w, https:\/\/www.nurtemrawki.pl\/wp-content\/uploads\/2022\/03\/DSC_1889-768x514.jpg 768w, https:\/\/www.nurtemrawki.pl\/wp-content\/uploads\/2022\/03\/DSC_1889-1536x1028.jpg 1536w, https:\/\/www.nurtemrawki.pl\/wp-content\/uploads\/2022\/03\/DSC_1889-2048x1371.jpg 2048w, https:\/\/www.nurtemrawki.pl\/wp-content\/uploads\/2022\/03\/DSC_1889-825x552.jpg 825w, https:\/\/www.nurtemrawki.pl\/wp-content\/uploads\/2022\/03\/DSC_1889-1494x1000.jpg 1494w, https:\/\/www.nurtemrawki.pl\/wp-content\/uploads\/2022\/03\/DSC_1889-600x402.jpg 600w, https:\/\/www.nurtemrawki.pl\/wp-content\/uploads\/2022\/03\/DSC_1889-400x268.jpg 400w\" sizes=\"auto, (max-width: 2560px) 100vw, 2560px\" \/><\/figure>\n\n\n\n<figure class=\"wp-block-image size-large\"><img loading=\"lazy\" decoding=\"async\" width=\"2560\" height=\"1714\" data-id=\"87\" src=\"http:\/\/gtyenwc.cluster031.hosting.ovh.net\/wp-content\/uploads\/2022\/03\/DSC_1894-scaled.jpg\" alt=\"\" class=\"wp-image-87\" srcset=\"https:\/\/www.nurtemrawki.pl\/wp-content\/uploads\/2022\/03\/DSC_1894-scaled.jpg 2560w, https:\/\/www.nurtemrawki.pl\/wp-content\/uploads\/2022\/03\/DSC_1894-300x201.jpg 300w, https:\/\/www.nurtemrawki.pl\/wp-content\/uploads\/2022\/03\/DSC_1894-1024x685.jpg 1024w, https:\/\/www.nurtemrawki.pl\/wp-content\/uploads\/2022\/03\/DSC_1894-768x514.jpg 768w, https:\/\/www.nurtemrawki.pl\/wp-content\/uploads\/2022\/03\/DSC_1894-1536x1028.jpg 1536w, https:\/\/www.nurtemrawki.pl\/wp-content\/uploads\/2022\/03\/DSC_1894-2048x1371.jpg 2048w, https:\/\/www.nurtemrawki.pl\/wp-content\/uploads\/2022\/03\/DSC_1894-825x552.jpg 825w, https:\/\/www.nurtemrawki.pl\/wp-content\/uploads\/2022\/03\/DSC_1894-1494x1000.jpg 1494w, https:\/\/www.nurtemrawki.pl\/wp-content\/uploads\/2022\/03\/DSC_1894-600x402.jpg 600w, https:\/\/www.nurtemrawki.pl\/wp-content\/uploads\/2022\/03\/DSC_1894-400x268.jpg 400w\" sizes=\"auto, (max-width: 2560px) 100vw, 2560px\" \/><\/figure>\n\n\n\n<figure class=\"wp-block-image size-large is-style-default\"><img loading=\"lazy\" decoding=\"async\" width=\"1920\" height=\"1080\" data-id=\"28\" src=\"http:\/\/gtyenwc.cluster031.hosting.ovh.net\/wp-content\/uploads\/2022\/03\/cropped-IMG_1552.jpeg\" alt=\"\" class=\"wp-image-28\" srcset=\"https:\/\/www.nurtemrawki.pl\/wp-content\/uploads\/2022\/03\/cropped-IMG_1552.jpeg 1920w, https:\/\/www.nurtemrawki.pl\/wp-content\/uploads\/2022\/03\/cropped-IMG_1552-300x169.jpeg 300w, https:\/\/www.nurtemrawki.pl\/wp-content\/uploads\/2022\/03\/cropped-IMG_1552-1024x576.jpeg 1024w, https:\/\/www.nurtemrawki.pl\/wp-content\/uploads\/2022\/03\/cropped-IMG_1552-768x432.jpeg 768w, https:\/\/www.nurtemrawki.pl\/wp-content\/uploads\/2022\/03\/cropped-IMG_1552-1536x864.jpeg 1536w, https:\/\/www.nurtemrawki.pl\/wp-content\/uploads\/2022\/03\/cropped-IMG_1552-825x464.jpeg 825w, https:\/\/www.nurtemrawki.pl\/wp-content\/uploads\/2022\/03\/cropped-IMG_1552-1778x1000.jpeg 1778w, https:\/\/www.nurtemrawki.pl\/wp-content\/uploads\/2022\/03\/cropped-IMG_1552-600x338.jpeg 600w, https:\/\/www.nurtemrawki.pl\/wp-content\/uploads\/2022\/03\/cropped-IMG_1552-400x225.jpeg 400w\" sizes=\"auto, (max-width: 1920px) 100vw, 1920px\" \/><\/figure>\n\n\n\n<figure class=\"wp-block-image size-large\"><img loading=\"lazy\" decoding=\"async\" width=\"1536\" height=\"2048\" data-id=\"151\" src=\"http:\/\/gtyenwc.cluster031.hosting.ovh.net\/wp-content\/uploads\/2022\/03\/20210617_102345.jpg\" alt=\"\" class=\"wp-image-151\" srcset=\"https:\/\/www.nurtemrawki.pl\/wp-content\/uploads\/2022\/03\/20210617_102345.jpg 1536w, https:\/\/www.nurtemrawki.pl\/wp-content\/uploads\/2022\/03\/20210617_102345-225x300.jpg 225w, https:\/\/www.nurtemrawki.pl\/wp-content\/uploads\/2022\/03\/20210617_102345-768x1024.jpg 768w, https:\/\/www.nurtemrawki.pl\/wp-content\/uploads\/2022\/03\/20210617_102345-1152x1536.jpg 1152w, https:\/\/www.nurtemrawki.pl\/wp-content\/uploads\/2022\/03\/20210617_102345-465x620.jpg 465w, https:\/\/www.nurtemrawki.pl\/wp-content\/uploads\/2022\/03\/20210617_102345-750x1000.jpg 750w, https:\/\/www.nurtemrawki.pl\/wp-content\/uploads\/2022\/03\/20210617_102345-488x650.jpg 488w, https:\/\/www.nurtemrawki.pl\/wp-content\/uploads\/2022\/03\/20210617_102345-338x450.jpg 338w\" sizes=\"auto, (max-width: 1536px) 100vw, 1536px\" \/><\/figure>\n\n\n\n<figure class=\"wp-block-image size-large\"><img loading=\"lazy\" decoding=\"async\" width=\"2048\" height=\"1536\" data-id=\"150\" src=\"http:\/\/gtyenwc.cluster031.hosting.ovh.net\/wp-content\/uploads\/2022\/03\/20220316_214941.jpg\" alt=\"\" class=\"wp-image-150\" srcset=\"https:\/\/www.nurtemrawki.pl\/wp-content\/uploads\/2022\/03\/20220316_214941.jpg 2048w, https:\/\/www.nurtemrawki.pl\/wp-content\/uploads\/2022\/03\/20220316_214941-300x225.jpg 300w, https:\/\/www.nurtemrawki.pl\/wp-content\/uploads\/2022\/03\/20220316_214941-1024x768.jpg 1024w, https:\/\/www.nurtemrawki.pl\/wp-content\/uploads\/2022\/03\/20220316_214941-768x576.jpg 768w, https:\/\/www.nurtemrawki.pl\/wp-content\/uploads\/2022\/03\/20220316_214941-1536x1152.jpg 1536w, https:\/\/www.nurtemrawki.pl\/wp-content\/uploads\/2022\/03\/20220316_214941-825x620.jpg 825w, https:\/\/www.nurtemrawki.pl\/wp-content\/uploads\/2022\/03\/20220316_214941-1333x1000.jpg 1333w, https:\/\/www.nurtemrawki.pl\/wp-content\/uploads\/2022\/03\/20220316_214941-600x450.jpg 600w, https:\/\/www.nurtemrawki.pl\/wp-content\/uploads\/2022\/03\/20220316_214941-400x300.jpg 400w\" sizes=\"auto, (max-width: 2048px) 100vw, 2048px\" \/><\/figure>\n\n\n\n<figure class=\"wp-block-image size-large\"><img loading=\"lazy\" decoding=\"async\" width=\"2048\" height=\"1536\" data-id=\"149\" src=\"http:\/\/gtyenwc.cluster031.hosting.ovh.net\/wp-content\/uploads\/2022\/03\/20201218_220424.jpg\" alt=\"\" class=\"wp-image-149\" srcset=\"https:\/\/www.nurtemrawki.pl\/wp-content\/uploads\/2022\/03\/20201218_220424.jpg 2048w, https:\/\/www.nurtemrawki.pl\/wp-content\/uploads\/2022\/03\/20201218_220424-300x225.jpg 300w, https:\/\/www.nurtemrawki.pl\/wp-content\/uploads\/2022\/03\/20201218_220424-1024x768.jpg 1024w, https:\/\/www.nurtemrawki.pl\/wp-content\/uploads\/2022\/03\/20201218_220424-768x576.jpg 768w, https:\/\/www.nurtemrawki.pl\/wp-content\/uploads\/2022\/03\/20201218_220424-1536x1152.jpg 1536w, https:\/\/www.nurtemrawki.pl\/wp-content\/uploads\/2022\/03\/20201218_220424-825x620.jpg 825w, https:\/\/www.nurtemrawki.pl\/wp-content\/uploads\/2022\/03\/20201218_220424-1333x1000.jpg 1333w, https:\/\/www.nurtemrawki.pl\/wp-content\/uploads\/2022\/03\/20201218_220424-600x450.jpg 600w, https:\/\/www.nurtemrawki.pl\/wp-content\/uploads\/2022\/03\/20201218_220424-400x300.jpg 400w\" sizes=\"auto, (max-width: 2048px) 100vw, 2048px\" \/><\/figure>\n<\/figure>\n","protected":false},"excerpt":{"rendered":"<p>Zapraszamy do naszego unikatowego miejsca po\u0142o\u017conego na skarpie rzeki Rawki Wynajmujemy kajaki, ugo\u015bcimy obiadem, pocz\u0119stujemy w\u0142asnym rawcza\u0144skim serem i w\u0142asnymi przetworami.Otaczaj\u0105ca nas niepowtarzalna przyroda zachwyci swoim urokiem.<\/p>\n","protected":false},"author":1,"featured_media":0,"parent":0,"menu_order":0,"comment_status":"closed","ping_status":"closed","template":"","meta":{"footnotes":""},"class_list":["post-143","page","type-page","status-publish","hentry"],"_links":{"self":[{"href":"https:\/\/www.nurtemrawki.pl\/index.php\/wp-json\/wp\/v2\/pages\/143","targetHints":{"allow":["GET"]}}],"collection":[{"href":"https:\/\/www.nurtemrawki.pl\/index.php\/wp-json\/wp\/v2\/pages"}],"about":[{"href":"https:\/\/www.nurtemrawki.pl\/index.php\/wp-json\/wp\/v2\/types\/page"}],"author":[{"embeddable":true,"href":"https:\/\/www.nurtemrawki.pl\/index.php\/wp-json\/wp\/v2\/users\/1"}],"replies":[{"embeddable":true,"href":"https:\/\/www.nurtemrawki.pl\/index.php\/wp-json\/wp\/v2\/comments?post=143"}],"version-history":[{"count":6,"href":"https:\/\/www.nurtemrawki.pl\/index.php\/wp-json\/wp\/v2\/pages\/143\/revisions"}],"predecessor-version":[{"id":154,"href":"https:\/\/www.nurtemrawki.pl\/index.php\/wp-json\/wp\/v2\/pages\/143\/revisions\/154"}],"wp:attachment":[{"href":"https:\/\/www.nurtemrawki.pl\/index.php\/wp-json\/wp\/v2\/media?parent=143"}],"curies":[{"name":"wp","href":"https:\/\/api.w.org\/{rel}","templated":true}]}}