{"id":90,"date":"2022-03-27T18:54:04","date_gmt":"2022-03-27T16:54:04","guid":{"rendered":"http:\/\/gtyenwc.cluster031.hosting.ovh.net\/?page_id=90"},"modified":"2022-03-27T19:53:10","modified_gmt":"2022-03-27T17:53:10","slug":"o-nas","status":"publish","type":"page","link":"https:\/\/www.nurtemrawki.pl\/index.php\/o-nas\/","title":{"rendered":"O nas"},"content":{"rendered":"\n<p>Prowadzimy gospodarstwo w oparciu o dawne metody upraw, nie stosujemy sztucznych nawoz\u00f3w i chemicznych \u015brodk\u00f3w ochrony ro\u015blin. Zwierz\u0119ta \u017cywione s\u0105 stworzonymi przez nas paszami. Dbamy o zachowanie bior\u00f3\u017cnorodno\u015bci.<\/p>\n\n\n\n<div class=\"wp-block-image\"><figure class=\"aligncenter size-full\"><img decoding=\"async\" src=\"http:\/\/gtyenwc.cluster031.hosting.ovh.net\/wp-content\/uploads\/2022\/03\/cropped-NURTEMRAWKI-2.jpg\" alt=\"\" class=\"wp-image-57\"\/><\/figure><\/div>\n","protected":false},"excerpt":{"rendered":"<p>Prowadzimy gospodarstwo w oparciu o dawne metody upraw, nie stosujemy sztucznych nawoz\u00f3w i chemicznych \u015brodk\u00f3w ochrony ro\u015blin. Zwierz\u0119ta \u017cywione s\u0105 stworzonymi przez nas paszami. Dbamy o zachowanie bior\u00f3\u017cnorodno\u015bci.<\/p>\n","protected":false},"author":1,"featured_media":0,"parent":0,"menu_order":0,"comment_status":"closed","ping_status":"closed","template":"","meta":{"footnotes":""},"class_list":["post-90","page","type-page","status-publish","hentry"],"_links":{"self":[{"href":"https:\/\/www.nurtemrawki.pl\/index.php\/wp-json\/wp\/v2\/pages\/90","targetHints":{"allow":["GET"]}}],"collection":[{"href":"https:\/\/www.nurtemrawki.pl\/index.php\/wp-json\/wp\/v2\/pages"}],"about":[{"href":"https:\/\/www.nurtemrawki.pl\/index.php\/wp-json\/wp\/v2\/types\/page"}],"author":[{"embeddable":true,"href":"https:\/\/www.nurtemrawki.pl\/index.php\/wp-json\/wp\/v2\/users\/1"}],"replies":[{"embeddable":true,"href":"https:\/\/www.nurtemrawki.pl\/index.php\/wp-json\/wp\/v2\/comments?post=90"}],"version-history":[{"count":3,"href":"https:\/\/www.nurtemrawki.pl\/index.php\/wp-json\/wp\/v2\/pages\/90\/revisions"}],"predecessor-version":[{"id":113,"href":"https:\/\/www.nurtemrawki.pl\/index.php\/wp-json\/wp\/v2\/pages\/90\/revisions\/113"}],"wp:attachment":[{"href":"https:\/\/www.nurtemrawki.pl\/index.php\/wp-json\/wp\/v2\/media?parent=90"}],"curies":[{"name":"wp","href":"https:\/\/api.w.org\/{rel}","templated":true}]}}